{"id":1095,"date":"2019-01-14T13:47:18","date_gmt":"2019-01-14T15:47:18","guid":{"rendered":"http:\/\/concertinasuperaco.com.br\/?page_id=1095"},"modified":"2019-01-14T14:05:37","modified_gmt":"2019-01-14T16:05:37","slug":"sobre-nos","status":"publish","type":"page","link":"https:\/\/concertinasuperaco.com.br\/index.php\/sobre-nos\/","title":{"rendered":"Sobre N\u00f3s"},"content":{"rendered":"<div class=\"fusion-fullwidth fullwidth-box fusion-builder-row-1 fusion-parallax-none hundred-percent-fullwidth hundred-percent-height hundred-percent-height-center-content non-hundred-percent-height-scrolling\" style=\"--awb-border-radius-top-left:0px;--awb-border-radius-top-right:0px;--awb-border-radius-bottom-right:0px;--awb-border-radius-bottom-left:0px;--awb-background-image:url(&quot;http:\/\/concertinasuperaco.com.br\/wp-content\/uploads\/2019\/01\/img-galeria.png&quot;);--awb-background-size:cover;--awb-flex-wrap:wrap;\" ><div class=\"fusion-fullwidth-center-content\"><div class=\"fusion-builder-row fusion-row\"><div class=\"fusion-layout-column fusion_builder_column fusion-builder-column-0 fusion_builder_column_1_1 1_1 fusion-one-full fusion-column-first fusion-column-last\" style=\"--awb-bg-size:cover;--awb-margin-top:150px;--awb-margin-bottom:75px;\"><div class=\"fusion-column-wrapper fusion-flex-column-wrapper-legacy\"><div class=\"fusion-title title fusion-title-1 fusion-title-center fusion-title-text fusion-title-size-two\"><div class=\"title-sep-container title-sep-container-left\"><div class=\"title-sep sep- sep-solid\" style=\"border-color:#2a2e38;\"><\/div><\/div><span class=\"awb-title-spacer\"><\/span><h2 class=\"fusion-title-heading title-heading-center fusion-responsive-typography-calculated\" style=\"margin:0;--fontSize:48;line-height:1.2;\">Sobre N\u00f3s<\/h2><span class=\"awb-title-spacer\"><\/span><div class=\"title-sep-container title-sep-container-right\"><div class=\"title-sep sep- sep-solid\" style=\"border-color:#2a2e38;\"><\/div><\/div><\/div><div class=\"fusion-sep-clear\"><\/div><div class=\"fusion-separator fusion-full-width-sep\" style=\"margin-left: auto;margin-right: auto;margin-top:50px;width:100%;\"><\/div><div class=\"fusion-sep-clear\"><\/div><div class=\"fusion-text fusion-text-1\"><p style=\"text-align: center;\"><span style=\"color: #ffffff;\">As atividades da empresa tiveram in\u00edcio em 2010. Com uma trajet\u00f3ria de avan\u00e7os, conquistas, dinamismo e credibilidade.<\/span><br \/>\n<span style=\"color: #ffffff;\">A Concertina Super A\u00e7o,\u00a0tornou-se refer\u00eancia no brasil como uma das melhores empresa na de fabrica\u00e7\u00e3o e instala\u00e7\u00e3o<\/span><br \/>\n<span style=\"color: #ffffff;\">de cerca concertina do mercado, fundamentada na qualidade final de seus produtos.<\/span><br \/>\n<span style=\"color: #ffffff;\">Contamos com profissionais especializados e sempre com treinamentos que disp\u00f5em dos equipamentos necess\u00e1rios para garantir<\/span><br \/>\n<span style=\"color: #ffffff;\">a qualidade efetiva dos produtos, bem como da mat\u00e9ria prima utilizada.<\/span><br \/>\n<span style=\"color: #ffffff;\">A Concertina Super A\u00e7o oferece aos brasileiros a melhor qualidade e pre\u00e7o em concertinas, cerca ouri\u00e7o e lan\u00e7as para muro.<\/span><\/p>\n<\/div><div class=\"fusion-clearfix\"><\/div><\/div><\/div><\/div><\/div><\/div>\n","protected":false},"excerpt":{"rendered":"","protected":false},"author":1,"featured_media":0,"parent":0,"menu_order":0,"comment_status":"closed","ping_status":"closed","template":"100-width.php","meta":{"footnotes":""},"class_list":["post-1095","page","type-page","status-publish","hentry"],"_links":{"self":[{"href":"https:\/\/concertinasuperaco.com.br\/index.php\/wp-json\/wp\/v2\/pages\/1095","targetHints":{"allow":["GET"]}}],"collection":[{"href":"https:\/\/concertinasuperaco.com.br\/index.php\/wp-json\/wp\/v2\/pages"}],"about":[{"href":"https:\/\/concertinasuperaco.com.br\/index.php\/wp-json\/wp\/v2\/types\/page"}],"author":[{"embeddable":true,"href":"https:\/\/concertinasuperaco.com.br\/index.php\/wp-json\/wp\/v2\/users\/1"}],"replies":[{"embeddable":true,"href":"https:\/\/concertinasuperaco.com.br\/index.php\/wp-json\/wp\/v2\/comments?post=1095"}],"version-history":[{"count":12,"href":"https:\/\/concertinasuperaco.com.br\/index.php\/wp-json\/wp\/v2\/pages\/1095\/revisions"}],"predecessor-version":[{"id":1107,"href":"https:\/\/concertinasuperaco.com.br\/index.php\/wp-json\/wp\/v2\/pages\/1095\/revisions\/1107"}],"wp:attachment":[{"href":"https:\/\/concertinasuperaco.com.br\/index.php\/wp-json\/wp\/v2\/media?parent=1095"}],"curies":[{"name":"wp","href":"https:\/\/api.w.org\/{rel}","templated":true}]}}