{"id":1033,"date":"2018-12-23T13:12:57","date_gmt":"2018-12-23T15:12:57","guid":{"rendered":"http:\/\/concertinasuperaco.com.br\/?page_id=1033"},"modified":"2019-01-18T02:27:34","modified_gmt":"2019-01-18T04:27:34","slug":"home-2","status":"publish","type":"page","link":"https:\/\/concertinasuperaco.com.br\/","title":{"rendered":"In\u00edcio"},"content":{"rendered":"<p><div class=\"fusion-fullwidth fullwidth-box fusion-builder-row-1 hundred-percent-fullwidth non-hundred-percent-height-scrolling fusion-no-small-visibility\" style=\"--awb-border-radius-top-left:0px;--awb-border-radius-top-right:0px;--awb-border-radius-bottom-right:0px;--awb-border-radius-bottom-left:0px;--awb-flex-wrap:wrap;\" ><div class=\"fusion-builder-row fusion-row\"><div class=\"fusion-layout-column fusion_builder_column fusion-builder-column-0 fusion_builder_column_1_1 1_1 fusion-one-full fusion-column-first fusion-column-last fusion-no-small-visibility\" style=\"--awb-bg-size:cover;\"><div class=\"fusion-column-wrapper fusion-flex-column-wrapper-legacy\"><div class=\"fusion-column-content-centered\"><div class=\"fusion-column-content\"><script type=\"text\/javascript\">jQuery(function() { _initLayerSlider( '#layerslider_1_1k481wasdkyd1', {createdWith: '6.7.6', sliderVersion: '6.7.6', type: 'fullsize', fullSizeMode: 'hero', allowFullscreen: true, hideOnMobile: true, pauseOnHover: 'enabled', skin: 'v6', sliderFadeInDuration: 350, showCircleTimer: false, useSrcset: true, skinsPath: 'https:\/\/concertinasuperaco.com.br\/wp-content\/plugins\/LayerSlider\/assets\/static\/layerslider\/skins\/', performanceMode: true, height: 720}); });<\/script><div id=\"layerslider_1_1k481wasdkyd1\"  class=\"ls-wp-container fitvidsignore ls-selectable\" style=\"width:1280px;height:100vh;margin:0 auto;margin-bottom: 0px;\"><div class=\"ls-slide\" data-ls=\"bgsize:cover;bgposition:50% 100%;\"><img decoding=\"async\" width=\"1000\" height=\"667\" src=\"https:\/\/concertinasuperaco.com.br\/wp-content\/uploads\/2019\/01\/img-home.png\" class=\"ls-bg\" alt=\"\" srcset=\"https:\/\/concertinasuperaco.com.br\/wp-content\/uploads\/2019\/01\/img-home-200x133.png 200w, https:\/\/concertinasuperaco.com.br\/wp-content\/uploads\/2019\/01\/img-home-300x200.png 300w, https:\/\/concertinasuperaco.com.br\/wp-content\/uploads\/2019\/01\/img-home-400x267.png 400w, https:\/\/concertinasuperaco.com.br\/wp-content\/uploads\/2019\/01\/img-home-600x400.png 600w, https:\/\/concertinasuperaco.com.br\/wp-content\/uploads\/2019\/01\/img-home-768x512.png 768w, https:\/\/concertinasuperaco.com.br\/wp-content\/uploads\/2019\/01\/img-home-800x534.png 800w, https:\/\/concertinasuperaco.com.br\/wp-content\/uploads\/2019\/01\/img-home.png 1000w\" sizes=\"(max-width: 1000px) 100vw, 1000px\" \/><a style=\"\" class=\"ls-l\" href=\"http:\/\/concertinasuperaco.com.br\/index.php\/orcamentos\/\" target=\"_self\" data-ls=\"position:relative;\"><span style=\"top:456px;left:544px;font-weight:700;padding-top:15px;padding-right:60px;padding-bottom:15px;padding-left:60px;font-family:Arial, sans-serif;font-size:15px;color:#ffffff;border-radius:50px;border-top:2px solid #ffffff;border-right:2px solid #ffffff;border-bottom:2px solid #ffffff;border-left:2px solid #ffffff;background:rgba(32, 35, 44, 0.5);\" class=\"ls-button-layer\">Saiba Mais<\/span><\/a><h3 style=\"top:400px;left:303px;text-align:center;font-weight:400;font-size:27px;color:#ffffff;\" class=\"ls-l ls-text-layer\" data-ls=\"position:relative;\">PROTE\u00c7\u00c3O DE QUALIDADE A UM CLIQUE DE DISTANCIA<\/h3><h1 style=\"top:50%;left:184px;text-align:center;font-weight:700;font-size:49px;color:#ffffff;\" class=\"ls-l ls-text-layer\" data-ls=\"position:relative;\">PRE\u00c7O MINIMO, SEGURAN\u00c7A MAXIMA<\/h1><a style=\"\" class=\"ls-l\" href=\"tel:06241032385\" target=\"_blank\" data-ls=\"position:relative;\"><span style=\"padding-top:15px;padding-right:60px;padding-bottom:15px;padding-left:60px;font-family:Arial, sans-serif;font-size:14px;font-weight:700;color:#fff;background:#1b9af7;border-top:3px solid white;border-right:3px solid white;border-bottom:3px solid white;border-left:3px solid white;top:649px;left:27px;\" class=\"ls-button-layer\">LIGUE AGORA (62) 4103-2385<\/span><\/a><a style=\"\" class=\"ls-l\" href=\"http:\/\/concertinasuperaco.com.br\/index.php\/orcamentos\/\" target=\"_blank\" data-ls=\"position:relative;\"><span style=\"padding-top:15px;padding-right:60px;padding-bottom:15px;padding-left:60px;font-family:Arial, sans-serif;font-size:14px;font-weight:700;color:#fff;background:#feae1b;border-top:3px solid white;border-right:3px solid white;border-bottom:3px solid white;border-left:3px solid white;top:649px;left:479px;\" class=\"ls-button-layer\">FA\u00c7A AGORA SEU OR\u00c7AMENTO<\/span><\/a><a style=\"\" class=\"ls-l\" href=\"https:\/\/api.whatsapp.com\/send?phone=5506284239281&amp;text=Ol%C3%A1!%20Gostaria%20de%20saber%20mais%20informa%C3%A7%C3%B5es.\" target=\"_blank\" data-ls=\"position:relative;\"><span style=\"padding-top:15px;padding-right:60px;padding-bottom:15px;padding-left:60px;font-family:Arial, sans-serif;font-size:14px;font-weight:700;color:#fff;background:#a5de37;border-top:3px solid white;border-right:3px solid white;border-bottom:3px solid white;border-left:3px solid white;top:649px;left:939px;\" class=\"ls-button-layer\">WHATSAPP (62) 8423-9281<\/span><\/a><\/div><\/div><\/div><\/div><div class=\"fusion-clearfix\"><\/div><\/div><\/div><\/div><\/div><div class=\"fusion-fullwidth fullwidth-box fusion-builder-row-2 nonhundred-percent-fullwidth non-hundred-percent-height-scrolling fusion-no-medium-visibility fusion-no-large-visibility\" style=\"--awb-border-radius-top-left:0px;--awb-border-radius-top-right:0px;--awb-border-radius-bottom-right:0px;--awb-border-radius-bottom-left:0px;--awb-flex-wrap:wrap;\" ><div class=\"fusion-builder-row fusion-row\"><div class=\"fusion-layout-column fusion_builder_column fusion-builder-column-1 fusion_builder_column_1_1 1_1 fusion-one-full fusion-column-first fusion-column-last fusion-no-medium-visibility fusion-no-large-visibility\" style=\"--awb-padding-right:10px;--awb-padding-left:10px;--awb-bg-size:cover;\"><div class=\"fusion-column-wrapper fusion-flex-column-wrapper-legacy\"><div class=\"fusion-image-element fusion-image-align-center fusion-no-medium-visibility fusion-no-large-visibility in-legacy-container\" style=\"text-align:center;--awb-max-width:80%;--awb-caption-title-font-family:var(--h2_typography-font-family);--awb-caption-title-font-weight:var(--h2_typography-font-weight);--awb-caption-title-font-style:var(--h2_typography-font-style);--awb-caption-title-size:var(--h2_typography-font-size);--awb-caption-title-transform:var(--h2_typography-text-transform);--awb-caption-title-line-height:var(--h2_typography-line-height);--awb-caption-title-letter-spacing:var(--h2_typography-letter-spacing);\"><div class=\"imageframe-align-center\"><span class=\" fusion-imageframe imageframe-none imageframe-1 hover-type-none\"><img decoding=\"async\" width=\"337\" height=\"201\" title=\"Logo-retina-pc\" src=\"http:\/\/concertinasuperaco.com.br\/wp-content\/uploads\/2018\/12\/Logo-retina-pc.png\" alt class=\"img-responsive wp-image-1029\" srcset=\"https:\/\/concertinasuperaco.com.br\/wp-content\/uploads\/2018\/12\/Logo-retina-pc-200x119.png 200w, https:\/\/concertinasuperaco.com.br\/wp-content\/uploads\/2018\/12\/Logo-retina-pc.png 337w\" sizes=\"(max-width: 800px) 100vw, 337px\" \/><\/span><\/div><\/div><div class=\"fusion-sep-clear\"><\/div><div class=\"fusion-separator fusion-no-medium-visibility fusion-no-large-visibility fusion-full-width-sep\" style=\"margin-left: auto;margin-right: auto;margin-top:25px;width:100%;\"><\/div><div class=\"fusion-sep-clear\"><\/div><div class=\"fusion-align-block\"><a class=\"fusion-button button-flat button-medium button-custom fusion-button-default button-1 fusion-button-default-span fusion-no-medium-visibility fusion-no-large-visibility fusion-has-button-gradient\" style=\"--button_accent_color:#ffffff;--button_accent_hover_color:#ffffff;--button_border_hover_color:#ffffff;--button_gradient_top_color:#008ffc;--button_gradient_bottom_color:#2ac2fc;--button_gradient_top_color_hover:#2ac2fc;--button_gradient_bottom_color_hover:#008ffc;--button_text_transform:uppercase;width:calc(100%);\" target=\"_blank\" rel=\"noopener noreferrer\" href=\"tel:06241032385\"><span class=\"fusion-button-text awb-button__text awb-button__text--default\">Ligue Agora (62)4103-2385<\/span><\/a><\/div><div class=\"fusion-sep-clear\"><\/div><div class=\"fusion-separator fusion-no-medium-visibility fusion-no-large-visibility fusion-full-width-sep\" style=\"margin-left: auto;margin-right: auto;margin-top:15px;width:100%;\"><\/div><div class=\"fusion-sep-clear\"><\/div><div class=\"fusion-align-block\"><a class=\"fusion-button button-flat button-medium button-custom fusion-button-default button-2 fusion-button-default-span fusion-no-medium-visibility fusion-no-large-visibility fusion-has-button-gradient\" style=\"--button_accent_color:#ffffff;--button_accent_hover_color:#ffffff;--button_border_hover_color:#ffffff;--button_gradient_top_color:#00af26;--button_gradient_bottom_color:#00923f;--button_gradient_top_color_hover:#00923f;--button_gradient_bottom_color_hover:#00af26;--button_text_transform:uppercase;width:calc(100%);\" target=\"_blank\" rel=\"noopener noreferrer\" href=\"https:\/\/api.whatsapp.com\/send?phone=5506284239281&amp;text=Ol%C3%A1!%20Gostaria%20de%20saber%20mais%20informa%C3%A7%C3%B5es.\"><span class=\"fusion-button-text awb-button__text awb-button__text--default\">Whatsapp (62)8423-9281<\/span><\/a><\/div><div class=\"fusion-sep-clear\"><\/div><div class=\"fusion-separator fusion-no-medium-visibility fusion-no-large-visibility fusion-full-width-sep\" style=\"margin-left: auto;margin-right: auto;margin-top:15px;width:100%;\"><\/div><div class=\"fusion-sep-clear\"><\/div><div class=\"fusion-align-block\"><a class=\"fusion-button button-flat button-medium button-custom fusion-button-default button-3 fusion-button-default-span fusion-no-medium-visibility fusion-no-large-visibility fusion-has-button-gradient\" style=\"--button_accent_color:#ffffff;--button_accent_hover_color:#ffffff;--button_border_hover_color:#ffffff;--button_gradient_top_color:#ffc107;--button_gradient_bottom_color:#ff9800;--button_gradient_top_color_hover:#ff9800;--button_gradient_bottom_color_hover:#ffc107;--button_text_transform:uppercase;width:calc(100%);\" target=\"_self\" href=\"http:\/\/concertinasuperaco.com.br\/index.php\/galeria-de-fotos\/\"><span class=\"fusion-button-text awb-button__text awb-button__text--default\">Galeria de Fotos<\/span><\/a><\/div><div class=\"fusion-sep-clear\"><\/div><div class=\"fusion-separator fusion-no-medium-visibility fusion-no-large-visibility fusion-full-width-sep\" style=\"margin-left: auto;margin-right: auto;margin-top:15px;width:100%;\"><\/div><div class=\"fusion-sep-clear\"><\/div><div class=\"fusion-align-block\"><a class=\"fusion-button button-flat button-medium button-custom fusion-button-default button-4 fusion-button-default-span fusion-no-medium-visibility fusion-no-large-visibility fusion-has-button-gradient\" style=\"--button_accent_color:#ffffff;--button_accent_hover_color:#ffffff;--button_border_hover_color:#ffffff;--button_gradient_top_color:#00af26;--button_gradient_bottom_color:#00923f;--button_gradient_top_color_hover:#00923f;--button_gradient_bottom_color_hover:#00af26;--button_text_transform:uppercase;width:calc(100%);\" target=\"_blank\" rel=\"noopener noreferrer\" href=\"https:\/\/goo.gl\/maps\/nEExoLjagH92\"><span class=\"fusion-button-text awb-button__text awb-button__text--default\">Como Chegar<\/span><\/a><\/div><div class=\"fusion-sep-clear\"><\/div><div class=\"fusion-separator fusion-no-medium-visibility fusion-no-large-visibility fusion-full-width-sep\" style=\"margin-left: auto;margin-right: auto;margin-top:15px;width:100%;\"><\/div><div class=\"fusion-sep-clear\"><\/div><div class=\"fusion-align-block\"><a class=\"fusion-button button-flat button-medium button-custom fusion-button-default button-5 fusion-button-default-span fusion-no-medium-visibility fusion-no-large-visibility fusion-has-button-gradient\" style=\"--button_accent_color:#ffffff;--button_accent_hover_color:#ffffff;--button_border_hover_color:#ffffff;--button_gradient_top_color:#03a9f4;--button_gradient_bottom_color:#00bcd4;--button_gradient_top_color_hover:#00bcd4;--button_gradient_bottom_color_hover:#03a9f4;--button_text_transform:uppercase;width:calc(100%);\" target=\"_self\" href=\"http:\/\/concertinasuperaco.com.br\/index.php\/orcamentos\/\"><span class=\"fusion-button-text awb-button__text awb-button__text--default\">Or\u00e7amentos<\/span><\/a><\/div><div class=\"fusion-sep-clear\"><\/div><div class=\"fusion-separator fusion-no-medium-visibility fusion-no-large-visibility fusion-full-width-sep\" style=\"margin-left: auto;margin-right: auto;margin-top:15px;width:100%;\"><\/div><div class=\"fusion-sep-clear\"><\/div><div class=\"fusion-text fusion-text-1\"><h4 style=\"text-align: center;\">Casa, Empresa ou Condom\u00ednio &#8211; Sua Solu\u00e7\u00e3o em Seguran\u00e7a.<\/h4>\n<\/div><div class=\"fusion-clearfix\"><\/div><\/div><\/div><\/div><\/div><\/p>\n","protected":false},"excerpt":{"rendered":"","protected":false},"author":1,"featured_media":0,"parent":0,"menu_order":0,"comment_status":"closed","ping_status":"closed","template":"100-width.php","meta":{"footnotes":""},"class_list":["post-1033","page","type-page","status-publish","hentry"],"_links":{"self":[{"href":"https:\/\/concertinasuperaco.com.br\/index.php\/wp-json\/wp\/v2\/pages\/1033","targetHints":{"allow":["GET"]}}],"collection":[{"href":"https:\/\/concertinasuperaco.com.br\/index.php\/wp-json\/wp\/v2\/pages"}],"about":[{"href":"https:\/\/concertinasuperaco.com.br\/index.php\/wp-json\/wp\/v2\/types\/page"}],"author":[{"embeddable":true,"href":"https:\/\/concertinasuperaco.com.br\/index.php\/wp-json\/wp\/v2\/users\/1"}],"replies":[{"embeddable":true,"href":"https:\/\/concertinasuperaco.com.br\/index.php\/wp-json\/wp\/v2\/comments?post=1033"}],"version-history":[{"count":22,"href":"https:\/\/concertinasuperaco.com.br\/index.php\/wp-json\/wp\/v2\/pages\/1033\/revisions"}],"predecessor-version":[{"id":1143,"href":"https:\/\/concertinasuperaco.com.br\/index.php\/wp-json\/wp\/v2\/pages\/1033\/revisions\/1143"}],"wp:attachment":[{"href":"https:\/\/concertinasuperaco.com.br\/index.php\/wp-json\/wp\/v2\/media?parent=1033"}],"curies":[{"name":"wp","href":"https:\/\/api.w.org\/{rel}","templated":true}]}}